{"id":6392,"date":"2024-01-21T10:38:20","date_gmt":"2024-01-21T10:38:20","guid":{"rendered":"https:\/\/alsaed.net\/?post_type=product&#038;p=6392"},"modified":"2024-07-24T10:54:46","modified_gmt":"2024-07-24T10:54:46","slug":"w5","status":"publish","type":"product","link":"https:\/\/alsaed.net\/ar\/product\/w5\/","title":{"rendered":"(W5) Seduzione Floreale \u2013 C.H"},"content":{"rendered":"<p><em><strong>&#8222;Dieser Duft erinnert mich direkt an Very Good Girl von Carolina Herrera\u00ae Mega!&#8220;<\/strong><\/em><\/p>\n<p>Diese verf\u00fchrerische und fesselnde Duftmarke ist bekannt f\u00fcr ihre sinnlichen und blumigen Noten. Sie verk\u00f6rpert St\u00e4rke und Sinnlichkeit und strahlt eine Aura unvergesslicher Anziehungskraft aus. Inspiriert von der Welt der Verf\u00fchrung erz\u00e4hlt dieser Duft Geschichten von Weiblichkeit und Charisma. Jeder Tropfen ist eine Verk\u00f6rperung der femininen Verf\u00fchrungskraft und dr\u00fcckt die kraftvollen Emotionen der Verf\u00fchrerin aus. Mit einer markanten Kombination aus blumigen und orientalischen Noten entfaltet sich ein unvergesslicher Duft, der die Sinne bet\u00f6rt und eine Aura magnetischer Anziehung hinterl\u00e4sst.<\/p>","protected":false},"excerpt":{"rendered":"<h6><\/h6>\n<div id=\"simple-translate\" class=\"simple-translate-system-theme\">\n<div>\n<div class=\"simple-translate-button isShow\" style=\"background-image: url('moz-extension:\/\/a02de5c5-43fc-4716-ae4d-411f0d49fa6e\/icons\/512.png'); height: 22px; width: 22px; top: 35px; left: -42px;\"><\/div>\n<div class=\"simple-translate-panel\" style=\"width: 300px; height: 200px; top: 0px; left: 0px; font-size: 13px;\">\n<div class=\"simple-translate-result-wrapper\" style=\"overflow: hidden;\">\n<div class=\"simple-translate-move\" draggable=\"true\"><\/div>\n<div class=\"simple-translate-result-contents\">\n<p class=\"simple-translate-candidate\" dir=\"auto\">\n<\/div>\n<\/div>\n<\/div>\n<\/div>\n<\/div>","protected":false},"featured_media":6362,"comment_status":"closed","ping_status":"closed","template":"","meta":{"om_disable_all_campaigns":false,"_monsterinsights_skip_tracking":false,"_monsterinsights_sitenote_active":false,"_monsterinsights_sitenote_note":"","_monsterinsights_sitenote_category":0},"product_cat":[52],"product_tag":[272,215,163,162,206],"_links":{"self":[{"href":"https:\/\/alsaed.net\/ar\/wp-json\/wp\/v2\/product\/6392"}],"collection":[{"href":"https:\/\/alsaed.net\/ar\/wp-json\/wp\/v2\/product"}],"about":[{"href":"https:\/\/alsaed.net\/ar\/wp-json\/wp\/v2\/types\/product"}],"replies":[{"embeddable":true,"href":"https:\/\/alsaed.net\/ar\/wp-json\/wp\/v2\/comments?post=6392"}],"version-history":[{"count":12,"href":"https:\/\/alsaed.net\/ar\/wp-json\/wp\/v2\/product\/6392\/revisions"}],"predecessor-version":[{"id":9519,"href":"https:\/\/alsaed.net\/ar\/wp-json\/wp\/v2\/product\/6392\/revisions\/9519"}],"wp:featuredmedia":[{"embeddable":true,"href":"https:\/\/alsaed.net\/ar\/wp-json\/wp\/v2\/media\/6362"}],"wp:attachment":[{"href":"https:\/\/alsaed.net\/ar\/wp-json\/wp\/v2\/media?parent=6392"}],"wp:term":[{"taxonomy":"product_cat","embeddable":true,"href":"https:\/\/alsaed.net\/ar\/wp-json\/wp\/v2\/product_cat?post=6392"},{"taxonomy":"product_tag","embeddable":true,"href":"https:\/\/alsaed.net\/ar\/wp-json\/wp\/v2\/product_tag?post=6392"}],"curies":[{"name":"wp","href":"https:\/\/api.w.org\/{rel}","templated":true}]}}